{"id":289,"date":"2025-06-17T11:59:00","date_gmt":"2025-06-17T10:59:00","guid":{"rendered":"https:\/\/rip.ie\/shop\/product\/rip-ie-sympathy-card-2\/"},"modified":"2026-04-16T09:51:06","modified_gmt":"2026-04-16T08:51:06","slug":"rip-ie-sympathy-card-2","status":"publish","type":"product","link":"https:\/\/rip.ie\/shop\/product\/rip-ie-sympathy-card-2\/","title":{"rendered":"RIP.ie Sympathy Card 2"},"content":{"rendered":"<p>Thoughtfully penned sympathy cards. Designed and printed in Ireland by RIP.ie.<\/p>\n<p><center><strong> Thinking of you<\/p>\n<p>Ag Smaoineamh Ort<\/strong><\/p>\n<p><\/center><em>The verse inside this card reads<\/em><\/p>\n<p>Nuair a thagann an t-uaigneas, b\u00edodh a chuimhne ina chomp\u00e1nach,<br \/>\nCeol ci\u00fain sa ghaoth, solas i do smaointe.<br \/>\nGo gcuire Dia faoiseamh i do chro\u00ed,<br \/>\nAgus gr\u00e1 i ngach cuimhne.<\/p>\n<p>When loneliness comes, let their memory be your companion,<br \/>\nA quiet song in the wind, a light in your thoughts.<br \/>\nMay God place comfort in your heart,<br \/>\nAnd love in every memory.<\/p>\n<p><center><strong> \u20ac12.99 plus postage<br \/>\nand packaging<\/strong><\/p>\n<p><\/center><\/p>\n","protected":false},"excerpt":{"rendered":"<p>Thoughtfully penned sympathy cards. Designed and printed in Ireland by RIP.ie. Thinking of you Ag Smaoineamh Ort The verse inside this card reads Nuair a thagann an t-uaigneas, b\u00edodh a chuimhne ina chomp\u00e1nach, Ceol ci\u00fain sa ghaoth, solas i do smaointe. Go gcuire Dia faoiseamh i do chro\u00ed, Agus gr\u00e1 i ngach cuimhne. When loneliness &hellip; <a href=\"https:\/\/rip.ie\/shop\/product\/rip-ie-sympathy-card-2\/\">Continued<\/a><\/p>\n","protected":false},"featured_media":498,"template":"","meta":{"_acf_changed":false},"product_cat":[24,25],"product_tag":[],"class_list":{"0":"post-289","1":"product","2":"type-product","3":"status-publish","4":"has-post-thumbnail","6":"product_cat-cards","7":"product_cat-sympathy-cards","9":"first","10":"instock","11":"taxable","12":"shipping-taxable","13":"purchasable","14":"product-type-simple"},"acf":[],"yoast_head":"<!-- This site is optimized with the Yoast SEO plugin v27.4 - https:\/\/yoast.com\/product\/yoast-seo-wordpress\/ -->\n<title>RIP.ie Sympathy Card 2 - RIP.ie<\/title>\n<meta name=\"robots\" content=\"index, follow, max-snippet:-1, max-image-preview:large, max-video-preview:-1\" \/>\n<link rel=\"canonical\" href=\"https:\/\/rip.ie\/shop\/product\/rip-ie-sympathy-card-2\/\" \/>\n<meta property=\"og:locale\" content=\"en_US\" \/>\n<meta property=\"og:type\" content=\"article\" \/>\n<meta property=\"og:title\" content=\"RIP.ie Sympathy Card 2 - RIP.ie\" \/>\n<meta property=\"og:description\" content=\"Thoughtfully penned sympathy cards. Designed and printed in Ireland by RIP.ie. Thinking of you Ag Smaoineamh Ort The verse inside this card reads Nuair a thagann an t-uaigneas, b\u00edodh a chuimhne ina chomp\u00e1nach, Ceol ci\u00fain sa ghaoth, solas i do smaointe. Go gcuire Dia faoiseamh i do chro\u00ed, Agus gr\u00e1 i ngach cuimhne. When loneliness &hellip; Continued\" \/>\n<meta property=\"og:url\" content=\"https:\/\/rip.ie\/shop\/product\/rip-ie-sympathy-card-2\/\" \/>\n<meta property=\"og:site_name\" content=\"RIP.ie\" \/>\n<meta property=\"article:modified_time\" content=\"2026-04-16T08:51:06+00:00\" \/>\n<meta property=\"og:image\" content=\"https:\/\/rip.ie\/shop\/app\/uploads\/2025\/06\/New-Sympathy-card-2-Giant.png\" \/>\n\t<meta property=\"og:image:width\" content=\"798\" \/>\n\t<meta property=\"og:image:height\" content=\"567\" \/>\n\t<meta property=\"og:image:type\" content=\"image\/png\" \/>\n<meta name=\"twitter:card\" content=\"summary_large_image\" \/>\n<meta name=\"twitter:label1\" content=\"Est. reading time\" \/>\n\t<meta name=\"twitter:data1\" content=\"1 minute\" \/>\n<script type=\"application\/ld+json\" class=\"yoast-schema-graph\">{\"@context\":\"https:\\\/\\\/schema.org\",\"@graph\":[{\"@type\":\"WebPage\",\"@id\":\"https:\\\/\\\/rip.ie\\\/shop\\\/product\\\/rip-ie-sympathy-card-2\\\/\",\"url\":\"https:\\\/\\\/rip.ie\\\/shop\\\/product\\\/rip-ie-sympathy-card-2\\\/\",\"name\":\"RIP.ie Sympathy Card 2 - RIP.ie\",\"isPartOf\":{\"@id\":\"https:\\\/\\\/rip.ie\\\/shop\\\/#website\"},\"primaryImageOfPage\":{\"@id\":\"https:\\\/\\\/rip.ie\\\/shop\\\/product\\\/rip-ie-sympathy-card-2\\\/#primaryimage\"},\"image\":{\"@id\":\"https:\\\/\\\/rip.ie\\\/shop\\\/product\\\/rip-ie-sympathy-card-2\\\/#primaryimage\"},\"thumbnailUrl\":\"https:\\\/\\\/rip.ie\\\/shop\\\/app\\\/uploads\\\/2025\\\/06\\\/New-Sympathy-card-2-Giant.png\",\"datePublished\":\"2025-06-17T10:59:00+00:00\",\"dateModified\":\"2026-04-16T08:51:06+00:00\",\"breadcrumb\":{\"@id\":\"https:\\\/\\\/rip.ie\\\/shop\\\/product\\\/rip-ie-sympathy-card-2\\\/#breadcrumb\"},\"inLanguage\":\"en-US\",\"potentialAction\":[{\"@type\":\"ReadAction\",\"target\":[\"https:\\\/\\\/rip.ie\\\/shop\\\/product\\\/rip-ie-sympathy-card-2\\\/\"]}]},{\"@type\":\"ImageObject\",\"inLanguage\":\"en-US\",\"@id\":\"https:\\\/\\\/rip.ie\\\/shop\\\/product\\\/rip-ie-sympathy-card-2\\\/#primaryimage\",\"url\":\"https:\\\/\\\/rip.ie\\\/shop\\\/app\\\/uploads\\\/2025\\\/06\\\/New-Sympathy-card-2-Giant.png\",\"contentUrl\":\"https:\\\/\\\/rip.ie\\\/shop\\\/app\\\/uploads\\\/2025\\\/06\\\/New-Sympathy-card-2-Giant.png\",\"width\":798,\"height\":567},{\"@type\":\"BreadcrumbList\",\"@id\":\"https:\\\/\\\/rip.ie\\\/shop\\\/product\\\/rip-ie-sympathy-card-2\\\/#breadcrumb\",\"itemListElement\":[{\"@type\":\"ListItem\",\"position\":1,\"name\":\"Home\",\"item\":\"https:\\\/\\\/rip.ie\\\/shop\\\/\"},{\"@type\":\"ListItem\",\"position\":2,\"name\":\"Shop\",\"item\":\"https:\\\/\\\/rip.ie\\\/shop\\\/\"},{\"@type\":\"ListItem\",\"position\":3,\"name\":\"RIP.ie Sympathy Card 2\"}]},{\"@type\":\"WebSite\",\"@id\":\"https:\\\/\\\/rip.ie\\\/shop\\\/#website\",\"url\":\"https:\\\/\\\/rip.ie\\\/shop\\\/\",\"name\":\"RIP.ie\",\"description\":\"\",\"potentialAction\":[{\"@type\":\"SearchAction\",\"target\":{\"@type\":\"EntryPoint\",\"urlTemplate\":\"https:\\\/\\\/rip.ie\\\/shop\\\/?s={search_term_string}\"},\"query-input\":{\"@type\":\"PropertyValueSpecification\",\"valueRequired\":true,\"valueName\":\"search_term_string\"}}],\"inLanguage\":\"en-US\"}]}<\/script>\n<!-- \/ Yoast SEO plugin. -->","yoast_head_json":{"title":"RIP.ie Sympathy Card 2 - RIP.ie","robots":{"index":"index","follow":"follow","max-snippet":"max-snippet:-1","max-image-preview":"max-image-preview:large","max-video-preview":"max-video-preview:-1"},"canonical":"https:\/\/rip.ie\/shop\/product\/rip-ie-sympathy-card-2\/","og_locale":"en_US","og_type":"article","og_title":"RIP.ie Sympathy Card 2 - RIP.ie","og_description":"Thoughtfully penned sympathy cards. Designed and printed in Ireland by RIP.ie. Thinking of you Ag Smaoineamh Ort The verse inside this card reads Nuair a thagann an t-uaigneas, b\u00edodh a chuimhne ina chomp\u00e1nach, Ceol ci\u00fain sa ghaoth, solas i do smaointe. Go gcuire Dia faoiseamh i do chro\u00ed, Agus gr\u00e1 i ngach cuimhne. When loneliness &hellip; Continued","og_url":"https:\/\/rip.ie\/shop\/product\/rip-ie-sympathy-card-2\/","og_site_name":"RIP.ie","article_modified_time":"2026-04-16T08:51:06+00:00","og_image":[{"width":798,"height":567,"url":"https:\/\/rip.ie\/shop\/app\/uploads\/2025\/06\/New-Sympathy-card-2-Giant.png","type":"image\/png"}],"twitter_card":"summary_large_image","twitter_misc":{"Est. reading time":"1 minute"},"schema":{"@context":"https:\/\/schema.org","@graph":[{"@type":"WebPage","@id":"https:\/\/rip.ie\/shop\/product\/rip-ie-sympathy-card-2\/","url":"https:\/\/rip.ie\/shop\/product\/rip-ie-sympathy-card-2\/","name":"RIP.ie Sympathy Card 2 - RIP.ie","isPartOf":{"@id":"https:\/\/rip.ie\/shop\/#website"},"primaryImageOfPage":{"@id":"https:\/\/rip.ie\/shop\/product\/rip-ie-sympathy-card-2\/#primaryimage"},"image":{"@id":"https:\/\/rip.ie\/shop\/product\/rip-ie-sympathy-card-2\/#primaryimage"},"thumbnailUrl":"https:\/\/rip.ie\/shop\/app\/uploads\/2025\/06\/New-Sympathy-card-2-Giant.png","datePublished":"2025-06-17T10:59:00+00:00","dateModified":"2026-04-16T08:51:06+00:00","breadcrumb":{"@id":"https:\/\/rip.ie\/shop\/product\/rip-ie-sympathy-card-2\/#breadcrumb"},"inLanguage":"en-US","potentialAction":[{"@type":"ReadAction","target":["https:\/\/rip.ie\/shop\/product\/rip-ie-sympathy-card-2\/"]}]},{"@type":"ImageObject","inLanguage":"en-US","@id":"https:\/\/rip.ie\/shop\/product\/rip-ie-sympathy-card-2\/#primaryimage","url":"https:\/\/rip.ie\/shop\/app\/uploads\/2025\/06\/New-Sympathy-card-2-Giant.png","contentUrl":"https:\/\/rip.ie\/shop\/app\/uploads\/2025\/06\/New-Sympathy-card-2-Giant.png","width":798,"height":567},{"@type":"BreadcrumbList","@id":"https:\/\/rip.ie\/shop\/product\/rip-ie-sympathy-card-2\/#breadcrumb","itemListElement":[{"@type":"ListItem","position":1,"name":"Home","item":"https:\/\/rip.ie\/shop\/"},{"@type":"ListItem","position":2,"name":"Shop","item":"https:\/\/rip.ie\/shop\/"},{"@type":"ListItem","position":3,"name":"RIP.ie Sympathy Card 2"}]},{"@type":"WebSite","@id":"https:\/\/rip.ie\/shop\/#website","url":"https:\/\/rip.ie\/shop\/","name":"RIP.ie","description":"","potentialAction":[{"@type":"SearchAction","target":{"@type":"EntryPoint","urlTemplate":"https:\/\/rip.ie\/shop\/?s={search_term_string}"},"query-input":{"@type":"PropertyValueSpecification","valueRequired":true,"valueName":"search_term_string"}}],"inLanguage":"en-US"}]}},"_links":{"self":[{"href":"https:\/\/rip.ie\/shop\/wp-json\/wp\/v2\/product\/289","targetHints":{"allow":["GET"]}}],"collection":[{"href":"https:\/\/rip.ie\/shop\/wp-json\/wp\/v2\/product"}],"about":[{"href":"https:\/\/rip.ie\/shop\/wp-json\/wp\/v2\/types\/product"}],"wp:featuredmedia":[{"embeddable":true,"href":"https:\/\/rip.ie\/shop\/wp-json\/wp\/v2\/media\/498"}],"wp:attachment":[{"href":"https:\/\/rip.ie\/shop\/wp-json\/wp\/v2\/media?parent=289"}],"wp:term":[{"taxonomy":"product_cat","embeddable":true,"href":"https:\/\/rip.ie\/shop\/wp-json\/wp\/v2\/product_cat?post=289"},{"taxonomy":"product_tag","embeddable":true,"href":"https:\/\/rip.ie\/shop\/wp-json\/wp\/v2\/product_tag?post=289"}],"curies":[{"name":"wp","href":"https:\/\/api.w.org\/{rel}","templated":true}]}}