{"id":291,"date":"2025-06-16T11:57:00","date_gmt":"2025-06-16T10:57:00","guid":{"rendered":"https:\/\/rip.ie\/shop\/product\/rip-ie-sympathy-card-4\/"},"modified":"2026-04-16T09:51:18","modified_gmt":"2026-04-16T08:51:18","slug":"rip-ie-sympathy-card-4","status":"publish","type":"product","link":"https:\/\/rip.ie\/shop\/product\/rip-ie-sympathy-card-4\/","title":{"rendered":"RIP.ie Sympathy Card 4"},"content":{"rendered":"<p>Thoughtfully penned sympathy cards. Designed and printed in Ireland by RIP.ie.<\/p>\n<p><center><strong> Le Comhbhr\u00f3n<br \/>\nWith Deepest Sympathy <\/strong><\/p>\n<p><\/center><em>The verse inside this card reads<\/em><\/p>\n<p>N\u00edl deireadh leis an ngr\u00e1, fi\u00fa m\u00e1 th\u00e9ann siad uainn.<br \/>\nFanann a ng\u00e1ire, a mbeannacht, linn.<br \/>\nGo gcoinn\u00ed Dia i ngr\u00e1sta iad,<br \/>\nAgus go dtabharfar s\u00f3l\u00e1s daoibhse.<\/p>\n<p>Love does not end, even when they go.<br \/>\nTheir laughter, their blessing, stays.<br \/>\nMay God keep them in grace,<br \/>\nAnd grant you comfort.<\/p>\n<p><center><strong> \u20ac12.99 plus postage<br \/>\nand packaging<\/strong><\/p>\n<p><\/center><\/p>\n","protected":false},"excerpt":{"rendered":"<p>Thoughtfully penned sympathy cards. Designed and printed in Ireland by RIP.ie. Le Comhbhr\u00f3n With Deepest Sympathy The verse inside this card reads N\u00edl deireadh leis an ngr\u00e1, fi\u00fa m\u00e1 th\u00e9ann siad uainn. Fanann a ng\u00e1ire, a mbeannacht, linn. Go gcoinn\u00ed Dia i ngr\u00e1sta iad, Agus go dtabharfar s\u00f3l\u00e1s daoibhse. Love does not end, even when &hellip; <a href=\"https:\/\/rip.ie\/shop\/product\/rip-ie-sympathy-card-4\/\">Continued<\/a><\/p>\n","protected":false},"featured_media":500,"template":"","meta":{"_acf_changed":false},"product_cat":[24,25],"product_tag":[],"class_list":{"0":"post-291","1":"product","2":"type-product","3":"status-publish","4":"has-post-thumbnail","6":"product_cat-cards","7":"product_cat-sympathy-cards","9":"first","10":"instock","11":"taxable","12":"shipping-taxable","13":"purchasable","14":"product-type-simple"},"acf":[],"yoast_head":"<!-- This site is optimized with the Yoast SEO plugin v27.4 - https:\/\/yoast.com\/product\/yoast-seo-wordpress\/ -->\n<title>RIP.ie Sympathy Card 4 - RIP.ie<\/title>\n<meta name=\"robots\" content=\"index, follow, max-snippet:-1, max-image-preview:large, max-video-preview:-1\" \/>\n<link rel=\"canonical\" href=\"https:\/\/rip.ie\/shop\/product\/rip-ie-sympathy-card-4\/\" \/>\n<meta property=\"og:locale\" content=\"en_US\" \/>\n<meta property=\"og:type\" content=\"article\" \/>\n<meta property=\"og:title\" content=\"RIP.ie Sympathy Card 4 - RIP.ie\" \/>\n<meta property=\"og:description\" content=\"Thoughtfully penned sympathy cards. Designed and printed in Ireland by RIP.ie. Le Comhbhr\u00f3n With Deepest Sympathy The verse inside this card reads N\u00edl deireadh leis an ngr\u00e1, fi\u00fa m\u00e1 th\u00e9ann siad uainn. Fanann a ng\u00e1ire, a mbeannacht, linn. Go gcoinn\u00ed Dia i ngr\u00e1sta iad, Agus go dtabharfar s\u00f3l\u00e1s daoibhse. Love does not end, even when &hellip; Continued\" \/>\n<meta property=\"og:url\" content=\"https:\/\/rip.ie\/shop\/product\/rip-ie-sympathy-card-4\/\" \/>\n<meta property=\"og:site_name\" content=\"RIP.ie\" \/>\n<meta property=\"article:modified_time\" content=\"2026-04-16T08:51:18+00:00\" \/>\n<meta property=\"og:image\" content=\"https:\/\/rip.ie\/shop\/app\/uploads\/2025\/06\/New-Sympathy-card-4-Giant.png\" \/>\n\t<meta property=\"og:image:width\" content=\"798\" \/>\n\t<meta property=\"og:image:height\" content=\"567\" \/>\n\t<meta property=\"og:image:type\" content=\"image\/png\" \/>\n<meta name=\"twitter:card\" content=\"summary_large_image\" \/>\n<meta name=\"twitter:label1\" content=\"Est. reading time\" \/>\n\t<meta name=\"twitter:data1\" content=\"1 minute\" \/>\n<script type=\"application\/ld+json\" class=\"yoast-schema-graph\">{\"@context\":\"https:\\\/\\\/schema.org\",\"@graph\":[{\"@type\":\"WebPage\",\"@id\":\"https:\\\/\\\/rip.ie\\\/shop\\\/product\\\/rip-ie-sympathy-card-4\\\/\",\"url\":\"https:\\\/\\\/rip.ie\\\/shop\\\/product\\\/rip-ie-sympathy-card-4\\\/\",\"name\":\"RIP.ie Sympathy Card 4 - RIP.ie\",\"isPartOf\":{\"@id\":\"https:\\\/\\\/rip.ie\\\/shop\\\/#website\"},\"primaryImageOfPage\":{\"@id\":\"https:\\\/\\\/rip.ie\\\/shop\\\/product\\\/rip-ie-sympathy-card-4\\\/#primaryimage\"},\"image\":{\"@id\":\"https:\\\/\\\/rip.ie\\\/shop\\\/product\\\/rip-ie-sympathy-card-4\\\/#primaryimage\"},\"thumbnailUrl\":\"https:\\\/\\\/rip.ie\\\/shop\\\/app\\\/uploads\\\/2025\\\/06\\\/New-Sympathy-card-4-Giant.png\",\"datePublished\":\"2025-06-16T10:57:00+00:00\",\"dateModified\":\"2026-04-16T08:51:18+00:00\",\"breadcrumb\":{\"@id\":\"https:\\\/\\\/rip.ie\\\/shop\\\/product\\\/rip-ie-sympathy-card-4\\\/#breadcrumb\"},\"inLanguage\":\"en-US\",\"potentialAction\":[{\"@type\":\"ReadAction\",\"target\":[\"https:\\\/\\\/rip.ie\\\/shop\\\/product\\\/rip-ie-sympathy-card-4\\\/\"]}]},{\"@type\":\"ImageObject\",\"inLanguage\":\"en-US\",\"@id\":\"https:\\\/\\\/rip.ie\\\/shop\\\/product\\\/rip-ie-sympathy-card-4\\\/#primaryimage\",\"url\":\"https:\\\/\\\/rip.ie\\\/shop\\\/app\\\/uploads\\\/2025\\\/06\\\/New-Sympathy-card-4-Giant.png\",\"contentUrl\":\"https:\\\/\\\/rip.ie\\\/shop\\\/app\\\/uploads\\\/2025\\\/06\\\/New-Sympathy-card-4-Giant.png\",\"width\":798,\"height\":567},{\"@type\":\"BreadcrumbList\",\"@id\":\"https:\\\/\\\/rip.ie\\\/shop\\\/product\\\/rip-ie-sympathy-card-4\\\/#breadcrumb\",\"itemListElement\":[{\"@type\":\"ListItem\",\"position\":1,\"name\":\"Home\",\"item\":\"https:\\\/\\\/rip.ie\\\/shop\\\/\"},{\"@type\":\"ListItem\",\"position\":2,\"name\":\"Shop\",\"item\":\"https:\\\/\\\/rip.ie\\\/shop\\\/\"},{\"@type\":\"ListItem\",\"position\":3,\"name\":\"RIP.ie Sympathy Card 4\"}]},{\"@type\":\"WebSite\",\"@id\":\"https:\\\/\\\/rip.ie\\\/shop\\\/#website\",\"url\":\"https:\\\/\\\/rip.ie\\\/shop\\\/\",\"name\":\"RIP.ie\",\"description\":\"\",\"potentialAction\":[{\"@type\":\"SearchAction\",\"target\":{\"@type\":\"EntryPoint\",\"urlTemplate\":\"https:\\\/\\\/rip.ie\\\/shop\\\/?s={search_term_string}\"},\"query-input\":{\"@type\":\"PropertyValueSpecification\",\"valueRequired\":true,\"valueName\":\"search_term_string\"}}],\"inLanguage\":\"en-US\"}]}<\/script>\n<!-- \/ Yoast SEO plugin. -->","yoast_head_json":{"title":"RIP.ie Sympathy Card 4 - RIP.ie","robots":{"index":"index","follow":"follow","max-snippet":"max-snippet:-1","max-image-preview":"max-image-preview:large","max-video-preview":"max-video-preview:-1"},"canonical":"https:\/\/rip.ie\/shop\/product\/rip-ie-sympathy-card-4\/","og_locale":"en_US","og_type":"article","og_title":"RIP.ie Sympathy Card 4 - RIP.ie","og_description":"Thoughtfully penned sympathy cards. Designed and printed in Ireland by RIP.ie. Le Comhbhr\u00f3n With Deepest Sympathy The verse inside this card reads N\u00edl deireadh leis an ngr\u00e1, fi\u00fa m\u00e1 th\u00e9ann siad uainn. Fanann a ng\u00e1ire, a mbeannacht, linn. Go gcoinn\u00ed Dia i ngr\u00e1sta iad, Agus go dtabharfar s\u00f3l\u00e1s daoibhse. Love does not end, even when &hellip; Continued","og_url":"https:\/\/rip.ie\/shop\/product\/rip-ie-sympathy-card-4\/","og_site_name":"RIP.ie","article_modified_time":"2026-04-16T08:51:18+00:00","og_image":[{"width":798,"height":567,"url":"https:\/\/rip.ie\/shop\/app\/uploads\/2025\/06\/New-Sympathy-card-4-Giant.png","type":"image\/png"}],"twitter_card":"summary_large_image","twitter_misc":{"Est. reading time":"1 minute"},"schema":{"@context":"https:\/\/schema.org","@graph":[{"@type":"WebPage","@id":"https:\/\/rip.ie\/shop\/product\/rip-ie-sympathy-card-4\/","url":"https:\/\/rip.ie\/shop\/product\/rip-ie-sympathy-card-4\/","name":"RIP.ie Sympathy Card 4 - RIP.ie","isPartOf":{"@id":"https:\/\/rip.ie\/shop\/#website"},"primaryImageOfPage":{"@id":"https:\/\/rip.ie\/shop\/product\/rip-ie-sympathy-card-4\/#primaryimage"},"image":{"@id":"https:\/\/rip.ie\/shop\/product\/rip-ie-sympathy-card-4\/#primaryimage"},"thumbnailUrl":"https:\/\/rip.ie\/shop\/app\/uploads\/2025\/06\/New-Sympathy-card-4-Giant.png","datePublished":"2025-06-16T10:57:00+00:00","dateModified":"2026-04-16T08:51:18+00:00","breadcrumb":{"@id":"https:\/\/rip.ie\/shop\/product\/rip-ie-sympathy-card-4\/#breadcrumb"},"inLanguage":"en-US","potentialAction":[{"@type":"ReadAction","target":["https:\/\/rip.ie\/shop\/product\/rip-ie-sympathy-card-4\/"]}]},{"@type":"ImageObject","inLanguage":"en-US","@id":"https:\/\/rip.ie\/shop\/product\/rip-ie-sympathy-card-4\/#primaryimage","url":"https:\/\/rip.ie\/shop\/app\/uploads\/2025\/06\/New-Sympathy-card-4-Giant.png","contentUrl":"https:\/\/rip.ie\/shop\/app\/uploads\/2025\/06\/New-Sympathy-card-4-Giant.png","width":798,"height":567},{"@type":"BreadcrumbList","@id":"https:\/\/rip.ie\/shop\/product\/rip-ie-sympathy-card-4\/#breadcrumb","itemListElement":[{"@type":"ListItem","position":1,"name":"Home","item":"https:\/\/rip.ie\/shop\/"},{"@type":"ListItem","position":2,"name":"Shop","item":"https:\/\/rip.ie\/shop\/"},{"@type":"ListItem","position":3,"name":"RIP.ie Sympathy Card 4"}]},{"@type":"WebSite","@id":"https:\/\/rip.ie\/shop\/#website","url":"https:\/\/rip.ie\/shop\/","name":"RIP.ie","description":"","potentialAction":[{"@type":"SearchAction","target":{"@type":"EntryPoint","urlTemplate":"https:\/\/rip.ie\/shop\/?s={search_term_string}"},"query-input":{"@type":"PropertyValueSpecification","valueRequired":true,"valueName":"search_term_string"}}],"inLanguage":"en-US"}]}},"_links":{"self":[{"href":"https:\/\/rip.ie\/shop\/wp-json\/wp\/v2\/product\/291","targetHints":{"allow":["GET"]}}],"collection":[{"href":"https:\/\/rip.ie\/shop\/wp-json\/wp\/v2\/product"}],"about":[{"href":"https:\/\/rip.ie\/shop\/wp-json\/wp\/v2\/types\/product"}],"wp:featuredmedia":[{"embeddable":true,"href":"https:\/\/rip.ie\/shop\/wp-json\/wp\/v2\/media\/500"}],"wp:attachment":[{"href":"https:\/\/rip.ie\/shop\/wp-json\/wp\/v2\/media?parent=291"}],"wp:term":[{"taxonomy":"product_cat","embeddable":true,"href":"https:\/\/rip.ie\/shop\/wp-json\/wp\/v2\/product_cat?post=291"},{"taxonomy":"product_tag","embeddable":true,"href":"https:\/\/rip.ie\/shop\/wp-json\/wp\/v2\/product_tag?post=291"}],"curies":[{"name":"wp","href":"https:\/\/api.w.org\/{rel}","templated":true}]}}